{"id":4182,"date":"2025-06-18T12:53:59","date_gmt":"2025-06-18T12:53:59","guid":{"rendered":"https:\/\/bebehind.ee\/?post_type=product&#038;p=4182"},"modified":"2025-06-18T13:55:38","modified_gmt":"2025-06-18T13:55:38","slug":"be-behind-luhikesed-puksid","status":"publish","type":"product","link":"https:\/\/bebehind.ee\/et\/toode\/be-behind-luhikesed-puksid\/","title":{"rendered":"Be Behind L\u00fchikesed P\u00fcksid"},"content":{"rendered":"<p>Be Behind l\u00fchikesed p\u00fcksid \u00fchendavad kaasaegse t\u00e4navastiili ja praktilise mugavuse. Valmistatud hingavast ja pehmest puuvillasegust, tagavad need p\u00fcksid maksimaalse liikumisvabaduse ning sobivad suurep\u00e4raselt suvep\u00e4evadeks, trenniks v\u00f5i koduseks olemiseks. Lihtne, puhas l\u00f5ige, elastne v\u00f6\u00f6koht reguleeritava paelaga ning s\u00fcgavad k\u00fcljetaskud teevad neist praktilise valiku igap\u00e4evaseks kandmiseks.<br \/>\nMinimalistlik disain on viimistletud peene Be Behind logoga, mis hoiab p\u00fcksid visuaalselt puhtana, ent \u00e4ratuntava identiteediga. Kombineeri Be Behind pusaga \u2013 moodusta oma isiklik, mugav ja esteetiline komplekt.<\/p>\n","protected":false},"excerpt":{"rendered":"<p>Be Behind l\u00fchikesed p\u00fcksid \u2013 mugavad, minimalistlikud ja sobivad igaks p\u00e4evaks. Klassikaline disain t\u00e4navamoeks v\u00f5i vaba aja veetmiseks.<\/p>\n","protected":false},"featured_media":4185,"template":"","meta":{"_acf_changed":false,"_monsterinsights_skip_tracking":false,"_monsterinsights_sitenote_active":false,"_monsterinsights_sitenote_note":"","_monsterinsights_sitenote_category":0},"product_brand":[],"product_cat":[212],"product_tag":[],"class_list":{"0":"post-4182","1":"product","2":"type-product","3":"status-publish","4":"has-post-thumbnail","6":"product_cat-luhikesed-puksid","8":"first","9":"instock","10":"featured","11":"taxable","12":"shipping-taxable","13":"purchasable","14":"product-type-variable","15":"has-default-attributes"},"acf":[],"_links":{"self":[{"href":"https:\/\/bebehind.ee\/et\/wp-json\/wp\/v2\/product\/4182","targetHints":{"allow":["GET"]}}],"collection":[{"href":"https:\/\/bebehind.ee\/et\/wp-json\/wp\/v2\/product"}],"about":[{"href":"https:\/\/bebehind.ee\/et\/wp-json\/wp\/v2\/types\/product"}],"wp:featuredmedia":[{"embeddable":true,"href":"https:\/\/bebehind.ee\/et\/wp-json\/wp\/v2\/media\/4185"}],"wp:attachment":[{"href":"https:\/\/bebehind.ee\/et\/wp-json\/wp\/v2\/media?parent=4182"}],"wp:term":[{"taxonomy":"product_brand","embeddable":true,"href":"https:\/\/bebehind.ee\/et\/wp-json\/wp\/v2\/product_brand?post=4182"},{"taxonomy":"product_cat","embeddable":true,"href":"https:\/\/bebehind.ee\/et\/wp-json\/wp\/v2\/product_cat?post=4182"},{"taxonomy":"product_tag","embeddable":true,"href":"https:\/\/bebehind.ee\/et\/wp-json\/wp\/v2\/product_tag?post=4182"}],"curies":[{"name":"wp","href":"https:\/\/api.w.org\/{rel}","templated":true}]}}