{"id":4177,"date":"2025-06-18T12:50:35","date_gmt":"2025-06-18T12:50:35","guid":{"rendered":"https:\/\/bebehind.ee\/?post_type=product&#038;p=4177"},"modified":"2025-06-18T13:55:39","modified_gmt":"2025-06-18T13:55:39","slug":"be-behind-logo-nokamuts","status":"publish","type":"product","link":"https:\/\/bebehind.ee\/et\/toode\/be-behind-logo-nokamuts\/","title":{"rendered":"Be Behind Logo Nokam\u00fcts"},"content":{"rendered":"<div class=\"row\">\n<div class=\"large-12 columns margin-bottom-10\">\n<p>Be Behind nokam\u00fcts on loodud neile, kes hindavad lihtsust, puhtaid jooni ja kaasaegset t\u00e4navastiili. M\u00fcts on valmistatud kvaliteetsest ja vastupidavast materjalist, mis s\u00e4ilitab kuju ka aktiivsel kandmisel. Klassikaline k\u00f5vera nokaga kuju kaitseb p\u00e4ikese eest ning sobib suurep\u00e4raselt nii linnat\u00e4navale, loodusesse kui ka vaba aja veetmiseks.<\/p>\n<p>M\u00fctsi esik\u00fclge kaunistab diskreetne Be Behind logo, mis lisab isikup\u00e4ra ilma liigse silmatorkavuseta. Reguleeritav tagumine kinnitus tagab sobivuse erinevatele peasuuretele.<br \/>\nSobita Be Behind pusade v\u00f5i dressip\u00fckstega \u2013 lisa oma v\u00e4limusele terviklik viimistlus, mis peegeldab teadlikku, rahulikku stiili.<\/p>\n<p>&nbsp;<\/p>\n<\/div>\n<\/div>\n","protected":false},"excerpt":{"rendered":"<p>Minimalistliku disainiga Be Behind nokam\u00fcts \u2013 ideaalne aksessuaar igap\u00e4evaseks kandmiseks ja stiilse v\u00e4ljenduse loomiseks.<\/p>\n","protected":false},"featured_media":4180,"template":"","meta":{"_acf_changed":false,"_monsterinsights_skip_tracking":false,"_monsterinsights_sitenote_active":false,"_monsterinsights_sitenote_note":"","_monsterinsights_sitenote_category":0},"product_brand":[],"product_cat":[209],"product_tag":[],"class_list":{"0":"post-4177","1":"product","2":"type-product","3":"status-publish","4":"has-post-thumbnail","6":"product_cat-nokamutsid","8":"first","9":"instock","10":"featured","11":"taxable","12":"shipping-taxable","13":"purchasable","14":"product-type-variable","15":"has-default-attributes"},"acf":[],"_links":{"self":[{"href":"https:\/\/bebehind.ee\/et\/wp-json\/wp\/v2\/product\/4177","targetHints":{"allow":["GET"]}}],"collection":[{"href":"https:\/\/bebehind.ee\/et\/wp-json\/wp\/v2\/product"}],"about":[{"href":"https:\/\/bebehind.ee\/et\/wp-json\/wp\/v2\/types\/product"}],"wp:featuredmedia":[{"embeddable":true,"href":"https:\/\/bebehind.ee\/et\/wp-json\/wp\/v2\/media\/4180"}],"wp:attachment":[{"href":"https:\/\/bebehind.ee\/et\/wp-json\/wp\/v2\/media?parent=4177"}],"wp:term":[{"taxonomy":"product_brand","embeddable":true,"href":"https:\/\/bebehind.ee\/et\/wp-json\/wp\/v2\/product_brand?post=4177"},{"taxonomy":"product_cat","embeddable":true,"href":"https:\/\/bebehind.ee\/et\/wp-json\/wp\/v2\/product_cat?post=4177"},{"taxonomy":"product_tag","embeddable":true,"href":"https:\/\/bebehind.ee\/et\/wp-json\/wp\/v2\/product_tag?post=4177"}],"curies":[{"name":"wp","href":"https:\/\/api.w.org\/{rel}","templated":true}]}}