{"id":4172,"date":"2025-06-18T12:46:11","date_gmt":"2025-06-18T12:46:11","guid":{"rendered":"https:\/\/bebehind.ee\/?post_type=product&#038;p=4172"},"modified":"2025-06-18T13:55:42","modified_gmt":"2025-06-18T13:55:42","slug":"be-behind-tumepunased-dressipuksid","status":"publish","type":"product","link":"https:\/\/bebehind.ee\/et\/toode\/be-behind-tumepunased-dressipuksid\/","title":{"rendered":"Be Behind Tumepunased Dressip\u00fcksid"},"content":{"rendered":"<p>Be Behind tumepunased dressip\u00fcksid on m\u00f5eldud neile, kes hindavad nii mugavust kui ka karakteriga v\u00e4limust. Tumepunane toon lisab klassikalisele dressip\u00fckste disainile s\u00fcgavust ja eristuvust, sobitudes suurep\u00e4raselt nii neutraalsete kui ka toon-toonis pusadega \u2013 eriti h\u00e4sti Be Behind pusadega, et luua stiilne ja terviklik komplekt.<\/p>\n<p>P\u00fcksid on valmistatud kvaliteetsest puuvillasegust, mis tagab pehmuse, hingavuse ja vastupidavuse. Elastne v\u00f6\u00f6koht reguleeritava paelaga, soonikuga s\u00e4\u00e4reosad ning praktilised k\u00fcljetaskud muudavad need p\u00fcksid ideaalseks igap\u00e4evaseks kandmiseks. Minimalistlik Be Behind logodetail t\u00e4iendab v\u00e4limust ilma liigse silmatorkavuseta.<\/p>\n<p>Need dressip\u00fcksid on ideaalne valik vaba aja veetmiseks, t\u00e4navastiiliks v\u00f5i mugavaks koduseks olemiseks \u2013 sobides neile, kes soovivad riietuda lihtsalt, aga m\u00f5juvalt.<\/p>\n","protected":false},"excerpt":{"rendered":"<p>S\u00fcgava tooniga tumepunased Be Behind dressip\u00fcksid \u2013 julge, mugav ja maitsekalt v\u00e4ljapeetud stiil.<\/p>\n","protected":false},"featured_media":4149,"template":"","meta":{"_acf_changed":false,"_monsterinsights_skip_tracking":false,"_monsterinsights_sitenote_active":false,"_monsterinsights_sitenote_note":"","_monsterinsights_sitenote_category":0},"product_brand":[],"product_cat":[211],"product_tag":[],"class_list":{"0":"post-4172","1":"product","2":"type-product","3":"status-publish","4":"has-post-thumbnail","6":"product_cat-dressipuksid","8":"first","9":"instock","10":"featured","11":"taxable","12":"shipping-taxable","13":"purchasable","14":"product-type-variable","15":"has-default-attributes"},"acf":[],"_links":{"self":[{"href":"https:\/\/bebehind.ee\/et\/wp-json\/wp\/v2\/product\/4172","targetHints":{"allow":["GET"]}}],"collection":[{"href":"https:\/\/bebehind.ee\/et\/wp-json\/wp\/v2\/product"}],"about":[{"href":"https:\/\/bebehind.ee\/et\/wp-json\/wp\/v2\/types\/product"}],"wp:featuredmedia":[{"embeddable":true,"href":"https:\/\/bebehind.ee\/et\/wp-json\/wp\/v2\/media\/4149"}],"wp:attachment":[{"href":"https:\/\/bebehind.ee\/et\/wp-json\/wp\/v2\/media?parent=4172"}],"wp:term":[{"taxonomy":"product_brand","embeddable":true,"href":"https:\/\/bebehind.ee\/et\/wp-json\/wp\/v2\/product_brand?post=4172"},{"taxonomy":"product_cat","embeddable":true,"href":"https:\/\/bebehind.ee\/et\/wp-json\/wp\/v2\/product_cat?post=4172"},{"taxonomy":"product_tag","embeddable":true,"href":"https:\/\/bebehind.ee\/et\/wp-json\/wp\/v2\/product_tag?post=4172"}],"curies":[{"name":"wp","href":"https:\/\/api.w.org\/{rel}","templated":true}]}}