{"id":4165,"date":"2025-06-18T12:40:12","date_gmt":"2025-06-18T12:40:12","guid":{"rendered":"https:\/\/bebehind.ee\/?post_type=product&#038;p=4165"},"modified":"2025-06-18T13:55:43","modified_gmt":"2025-06-18T13:55:43","slug":"be-behind-helesinised-dressipuksid","status":"publish","type":"product","link":"https:\/\/bebehind.ee\/et\/toode\/be-behind-helesinised-dressipuksid\/","title":{"rendered":"Be Behind Helesinised Dressip\u00fcksid"},"content":{"rendered":"<p>Be Behind helesinised dressip\u00fcksid toovad igap\u00e4evasesse mugavusse v\u00e4rske ja noorusliku v\u00e4rvitooni. Valmistatud pehmest, hingavast puuvillasegust, pakuvad need p\u00fcksid ideaalset kandmismugavust nii kodus, t\u00e4naval kui ka vabal ajal liikudes. Helesinine toon lisab v\u00e4limusele kergust ja m\u00e4ngulisust, olles samal ajal piisavalt minimalistlik, et j\u00e4\u00e4da truuks Be Behind br\u00e4ndi puhtale esteetikale.<\/p>\n<p>Dressip\u00fckstel on elastne v\u00f6\u00f6koht reguleeritava paelaga, soonikuga s\u00e4\u00e4reosad ja praktilised k\u00fcljetaskud. Detailiks on tagasihoidlik Be Behind logo, mis t\u00e4iendab v\u00e4limust ilma \u00fcleliigse t\u00e4helepanuta. P\u00fcksid sobivad suurep\u00e4raselt kokku sama tooni helesinise Be Behind pusaga, moodustades stiilse ja \u00fchtse komplekti.<\/p>\n<p>Ideaalne valik neile, kes soovivad lisada oma garderoobi veidi v\u00e4rvi, s\u00e4ilitades samas rahuliku ja mugava \u00fcldilme.<\/p>\n","protected":false},"excerpt":{"rendered":"<p>Stiilsed ja pehmes toonis helesinised dressip\u00fcksid Be Behind br\u00e4ndilt \u2013 mugavus ja karakter \u00fches.<\/p>\n","protected":false},"featured_media":4170,"template":"","meta":{"_acf_changed":false,"_monsterinsights_skip_tracking":false,"_monsterinsights_sitenote_active":false,"_monsterinsights_sitenote_note":"","_monsterinsights_sitenote_category":0},"product_brand":[],"product_cat":[211],"product_tag":[],"class_list":{"0":"post-4165","1":"product","2":"type-product","3":"status-publish","4":"has-post-thumbnail","6":"product_cat-dressipuksid","8":"first","9":"instock","10":"featured","11":"taxable","12":"shipping-taxable","13":"purchasable","14":"product-type-variable","15":"has-default-attributes"},"acf":[],"_links":{"self":[{"href":"https:\/\/bebehind.ee\/et\/wp-json\/wp\/v2\/product\/4165","targetHints":{"allow":["GET"]}}],"collection":[{"href":"https:\/\/bebehind.ee\/et\/wp-json\/wp\/v2\/product"}],"about":[{"href":"https:\/\/bebehind.ee\/et\/wp-json\/wp\/v2\/types\/product"}],"wp:featuredmedia":[{"embeddable":true,"href":"https:\/\/bebehind.ee\/et\/wp-json\/wp\/v2\/media\/4170"}],"wp:attachment":[{"href":"https:\/\/bebehind.ee\/et\/wp-json\/wp\/v2\/media?parent=4165"}],"wp:term":[{"taxonomy":"product_brand","embeddable":true,"href":"https:\/\/bebehind.ee\/et\/wp-json\/wp\/v2\/product_brand?post=4165"},{"taxonomy":"product_cat","embeddable":true,"href":"https:\/\/bebehind.ee\/et\/wp-json\/wp\/v2\/product_cat?post=4165"},{"taxonomy":"product_tag","embeddable":true,"href":"https:\/\/bebehind.ee\/et\/wp-json\/wp\/v2\/product_tag?post=4165"}],"curies":[{"name":"wp","href":"https:\/\/api.w.org\/{rel}","templated":true}]}}