{"id":4160,"date":"2025-06-18T12:37:26","date_gmt":"2025-06-18T12:37:26","guid":{"rendered":"https:\/\/bebehind.ee\/?post_type=product&#038;p=4160"},"modified":"2025-06-18T13:33:49","modified_gmt":"2025-06-18T13:33:49","slug":"be-behind-hallid-dressipuksid","status":"publish","type":"product","link":"https:\/\/bebehind.ee\/et\/toode\/be-behind-hallid-dressipuksid\/","title":{"rendered":"Be Behind Hallid Dressip\u00fcksid"},"content":{"rendered":"<p>Be Behind hallid dressip\u00fcksid on loodud neile, kes hindavad puhast disaini, funktsionaalsust ja k\u00f5rget kandmismugavust. Valmistatud pehmest ja vastupidavast puuvillasegust, pakuvad need p\u00fcksid suurep\u00e4rast hingavust ning vabadust liikumisel. Hall toon on universaalne ja ajatu \u2013 sobib ideaalselt kombineerimiseks Be Behind pusadega, et luua minimalistlik ja harmooniline komplekt.<\/p>\n<p>Dressip\u00fckstel on elastne v\u00f6\u00f6koht reguleeritava paelaga, soonikuga s\u00e4\u00e4reosad ning s\u00fcgavad k\u00fcljetaskud \u2013 k\u00f5ik vajalik, et pakkuda praktilisust igas olukorras. Tagasihoidlik br\u00e4ndielement t\u00e4iendab lihtsat v\u00e4limust ilma \u00fcleliigse t\u00e4helepanuta.<\/p>\n<p>Olgu sul ees sportlik p\u00e4ev, rahulik n\u00e4dalavahetus v\u00f5i kiire linnatiir \u2013 Be Behind hallid dressip\u00fcksid hoiavad sind stiilsena ja mugavana kogu p\u00e4eva v\u00e4ltel.<\/p>\n","protected":false},"excerpt":{"rendered":"<p>Neutraalse stiiliga hallid dressip\u00fcksid Be Behind br\u00e4ndilt \u2013 mugavus ja lihtsus igaks p\u00e4evaks.<\/p>\n","protected":false},"featured_media":4158,"template":"","meta":{"_acf_changed":false,"_monsterinsights_skip_tracking":false,"_monsterinsights_sitenote_active":false,"_monsterinsights_sitenote_note":"","_monsterinsights_sitenote_category":0},"product_brand":[],"product_cat":[211],"product_tag":[],"class_list":{"0":"post-4160","1":"product","2":"type-product","3":"status-publish","4":"has-post-thumbnail","6":"product_cat-dressipuksid","8":"first","9":"instock","10":"taxable","11":"shipping-taxable","12":"purchasable","13":"product-type-variable","14":"has-default-attributes"},"acf":[],"_links":{"self":[{"href":"https:\/\/bebehind.ee\/et\/wp-json\/wp\/v2\/product\/4160","targetHints":{"allow":["GET"]}}],"collection":[{"href":"https:\/\/bebehind.ee\/et\/wp-json\/wp\/v2\/product"}],"about":[{"href":"https:\/\/bebehind.ee\/et\/wp-json\/wp\/v2\/types\/product"}],"wp:featuredmedia":[{"embeddable":true,"href":"https:\/\/bebehind.ee\/et\/wp-json\/wp\/v2\/media\/4158"}],"wp:attachment":[{"href":"https:\/\/bebehind.ee\/et\/wp-json\/wp\/v2\/media?parent=4160"}],"wp:term":[{"taxonomy":"product_brand","embeddable":true,"href":"https:\/\/bebehind.ee\/et\/wp-json\/wp\/v2\/product_brand?post=4160"},{"taxonomy":"product_cat","embeddable":true,"href":"https:\/\/bebehind.ee\/et\/wp-json\/wp\/v2\/product_cat?post=4160"},{"taxonomy":"product_tag","embeddable":true,"href":"https:\/\/bebehind.ee\/et\/wp-json\/wp\/v2\/product_tag?post=4160"}],"curies":[{"name":"wp","href":"https:\/\/api.w.org\/{rel}","templated":true}]}}