{"id":4153,"date":"2025-06-18T12:34:07","date_gmt":"2025-06-18T12:34:07","guid":{"rendered":"https:\/\/bebehind.ee\/?post_type=product&#038;p=4153"},"modified":"2025-06-18T13:33:58","modified_gmt":"2025-06-18T13:33:58","slug":"be-behind-tumerohelised-dressipuksid","status":"publish","type":"product","link":"https:\/\/bebehind.ee\/et\/toode\/be-behind-tumerohelised-dressipuksid\/","title":{"rendered":"Be Behind Tumerohelised Dressip\u00fcksid"},"content":{"rendered":"<p>Be Behind tumerohelised dressip\u00fcksid on loodud mugavuse, stiili ja funktsionaalsuse t\u00e4iuslikuks tasakaaluks. S\u00fcgav roheline toon toob esile naturaalse rahulikkuse ja sobitub kergesti teiste toonidega, eriti Be Behind pusadega. P\u00fcksid on valmistatud kvaliteetsest puuvillasegust, mis tagab kandmismugavuse ning vastupidavuse igap\u00e4evases kasutuses.<\/p>\n<p>Elastne v\u00f6\u00f6koht koos reguleeritava paelaga tagab kindla, ent paindliku istuvuse. Soonikuga s\u00e4\u00e4reosad ja praktilised k\u00fcljetaskud muudavad need p\u00fcksid ideaalseks valikuks nii liikumiseks kui l\u00f5\u00f5gastumiseks. Diskreetne Be Behind logo t\u00e4iendab minimalistlikku v\u00e4limust, pakkudes isikup\u00e4ra ilma \u00fcleliigse esiletungita.<\/p>\n<p>Need p\u00fcksid on ideaalne valik neile, kes otsivad rahulikku ja l\u00e4bim\u00f5eldud stiili ning hindavad kvaliteeti. Kombineeri vastavatoonilise Be Behind pusaga ja loo t\u00e4iuslik, \u00fchtne komplekt.<\/p>\n","protected":false},"excerpt":{"rendered":"<p>Ajatu disainiga tumerohelised dressip\u00fcksid Be Behind br\u00e4ndilt \u2013 stiilne ja mugav valik igaks p\u00e4evaks.<\/p>\n","protected":false},"featured_media":4147,"template":"","meta":{"_acf_changed":false,"_monsterinsights_skip_tracking":false,"_monsterinsights_sitenote_active":false,"_monsterinsights_sitenote_note":"","_monsterinsights_sitenote_category":0},"product_brand":[],"product_cat":[211],"product_tag":[],"class_list":{"0":"post-4153","1":"product","2":"type-product","3":"status-publish","4":"has-post-thumbnail","6":"product_cat-dressipuksid","8":"first","9":"instock","10":"taxable","11":"shipping-taxable","12":"purchasable","13":"product-type-variable","14":"has-default-attributes"},"acf":[],"_links":{"self":[{"href":"https:\/\/bebehind.ee\/et\/wp-json\/wp\/v2\/product\/4153","targetHints":{"allow":["GET"]}}],"collection":[{"href":"https:\/\/bebehind.ee\/et\/wp-json\/wp\/v2\/product"}],"about":[{"href":"https:\/\/bebehind.ee\/et\/wp-json\/wp\/v2\/types\/product"}],"wp:featuredmedia":[{"embeddable":true,"href":"https:\/\/bebehind.ee\/et\/wp-json\/wp\/v2\/media\/4147"}],"wp:attachment":[{"href":"https:\/\/bebehind.ee\/et\/wp-json\/wp\/v2\/media?parent=4153"}],"wp:term":[{"taxonomy":"product_brand","embeddable":true,"href":"https:\/\/bebehind.ee\/et\/wp-json\/wp\/v2\/product_brand?post=4153"},{"taxonomy":"product_cat","embeddable":true,"href":"https:\/\/bebehind.ee\/et\/wp-json\/wp\/v2\/product_cat?post=4153"},{"taxonomy":"product_tag","embeddable":true,"href":"https:\/\/bebehind.ee\/et\/wp-json\/wp\/v2\/product_tag?post=4153"}],"curies":[{"name":"wp","href":"https:\/\/api.w.org\/{rel}","templated":true}]}}