{"id":4136,"date":"2025-06-18T12:18:39","date_gmt":"2025-06-18T12:18:39","guid":{"rendered":"https:\/\/bebehind.ee\/?post_type=product&#038;p=4136"},"modified":"2025-06-18T13:34:05","modified_gmt":"2025-06-18T13:34:05","slug":"be-behind-dressipuksid","status":"publish","type":"product","link":"https:\/\/bebehind.ee\/et\/toode\/be-behind-dressipuksid\/","title":{"rendered":"Be Behind Dressip\u00fcksid"},"content":{"rendered":"<p>Be Behind valged dressip\u00fcksid on loodud mugavust ja esteetikat silmas pidades. Need p\u00fcksid sobivad suurep\u00e4raselt Be Behind pusaga, moodustades puhta ja minimalistliku komplekti. Valmistatud pehmest ja hingavast puuvillasegust, tagavad need igap\u00e4evase kandmismugavuse ja vastupidavuse. Elastne v\u00f6\u00f6koht, reguleeritav pael ja soonikuga s\u00e4\u00e4reosad loovad t\u00e4iusliku istuvuse. K\u00fcljetaskud lisavad praktilisust, samas kui tagasihoidlik br\u00e4ndidetail r\u00f5hutab p\u00fckste modernset lihtsust.<br \/>\nSobivad nii linnat\u00e4navale kui ka koduseks olemiseks \u2013 kui hindad rahulikku stiili ja kvaliteeti, on need dressip\u00fcksid kindel valik.<\/p>\n","protected":false},"excerpt":{"rendered":"<p>Stiilsed ja mugavad dressip\u00fcksid Be Behind br\u00e4ndilt \u2013 ideaalne kooslus samast sarjast pusa kandmisega.<\/p>\n","protected":false},"featured_media":4145,"template":"","meta":{"_acf_changed":false,"_monsterinsights_skip_tracking":false,"_monsterinsights_sitenote_active":false,"_monsterinsights_sitenote_note":"","_monsterinsights_sitenote_category":0},"product_brand":[],"product_cat":[211],"product_tag":[],"class_list":{"0":"post-4136","1":"product","2":"type-product","3":"status-publish","4":"has-post-thumbnail","6":"product_cat-dressipuksid","8":"first","9":"instock","10":"taxable","11":"shipping-taxable","12":"purchasable","13":"product-type-variable","14":"has-default-attributes"},"acf":[],"_links":{"self":[{"href":"https:\/\/bebehind.ee\/et\/wp-json\/wp\/v2\/product\/4136","targetHints":{"allow":["GET"]}}],"collection":[{"href":"https:\/\/bebehind.ee\/et\/wp-json\/wp\/v2\/product"}],"about":[{"href":"https:\/\/bebehind.ee\/et\/wp-json\/wp\/v2\/types\/product"}],"wp:featuredmedia":[{"embeddable":true,"href":"https:\/\/bebehind.ee\/et\/wp-json\/wp\/v2\/media\/4145"}],"wp:attachment":[{"href":"https:\/\/bebehind.ee\/et\/wp-json\/wp\/v2\/media?parent=4136"}],"wp:term":[{"taxonomy":"product_brand","embeddable":true,"href":"https:\/\/bebehind.ee\/et\/wp-json\/wp\/v2\/product_brand?post=4136"},{"taxonomy":"product_cat","embeddable":true,"href":"https:\/\/bebehind.ee\/et\/wp-json\/wp\/v2\/product_cat?post=4136"},{"taxonomy":"product_tag","embeddable":true,"href":"https:\/\/bebehind.ee\/et\/wp-json\/wp\/v2\/product_tag?post=4136"}],"curies":[{"name":"wp","href":"https:\/\/api.w.org\/{rel}","templated":true}]}}