{"id":4131,"date":"2025-06-18T12:14:55","date_gmt":"2025-06-18T12:14:55","guid":{"rendered":"https:\/\/bebehind.ee\/?post_type=product&#038;p=4131"},"modified":"2025-06-18T13:55:50","modified_gmt":"2025-06-18T13:55:50","slug":"be-behind-tumepunane-pusa","status":"publish","type":"product","link":"https:\/\/bebehind.ee\/et\/toode\/be-behind-tumepunane-pusa\/","title":{"rendered":"Be Behind Tumepunane Pusa"},"content":{"rendered":"<p>Be Behind tumepunane pusa \u00fchendab s\u00fcgava, sooja v\u00e4rvitooni ja klassikalise t\u00e4navastiili. Tumepunane \u2013 veidi veinipunase v\u00f5i burgundiatooni l\u00e4hedal \u2013 annab pusale julge, ent tasakaaluka karakteri. See on ideaalne valik neile, kes soovivad oma igap\u00e4evasesse riietusse tuua veidi isikup\u00e4ra, ilma liigselt silma torkamata.<\/p>\n<p>Valmistatud kvaliteetsest puuvillasegust, on pusa pehme, hingav ja vastupidav. Unisex l\u00f5ige pakub mugavat ja vaba istuvust, mis sobib igale kehat\u00fc\u00fcbile. Minimalistlik Be Behind logodetail t\u00e4iendab pusat diskreetselt, j\u00e4\u00e4des truuks br\u00e4ndi puhtale stiilikeelele.<br \/>\nSobita see pusa Be Behind dressip\u00fckstega, et luua tugev ja harmooniline komplekt.<\/p>\n<p>Ideaalne valik nii argip\u00e4evaseks kandmiseks, jalutusk\u00e4ikudeks, kooliks kui ka vaba aja veetmiseks.<\/p>\n","protected":false},"excerpt":{"rendered":"<p>Iseloomuga tumepunane Be Behind pusa \u2013 soe toon, kindel mugavus ja minimalistlik disain igaks p\u00e4evaks.<\/p>\n","protected":false},"featured_media":4090,"template":"","meta":{"_acf_changed":false,"_monsterinsights_skip_tracking":false,"_monsterinsights_sitenote_active":false,"_monsterinsights_sitenote_note":"","_monsterinsights_sitenote_category":0},"product_brand":[],"product_cat":[210],"product_tag":[],"class_list":{"0":"post-4131","1":"product","2":"type-product","3":"status-publish","4":"has-post-thumbnail","6":"product_cat-pusad","8":"first","9":"instock","10":"featured","11":"taxable","12":"shipping-taxable","13":"purchasable","14":"product-type-variable","15":"has-default-attributes"},"acf":[],"_links":{"self":[{"href":"https:\/\/bebehind.ee\/et\/wp-json\/wp\/v2\/product\/4131","targetHints":{"allow":["GET"]}}],"collection":[{"href":"https:\/\/bebehind.ee\/et\/wp-json\/wp\/v2\/product"}],"about":[{"href":"https:\/\/bebehind.ee\/et\/wp-json\/wp\/v2\/types\/product"}],"wp:featuredmedia":[{"embeddable":true,"href":"https:\/\/bebehind.ee\/et\/wp-json\/wp\/v2\/media\/4090"}],"wp:attachment":[{"href":"https:\/\/bebehind.ee\/et\/wp-json\/wp\/v2\/media?parent=4131"}],"wp:term":[{"taxonomy":"product_brand","embeddable":true,"href":"https:\/\/bebehind.ee\/et\/wp-json\/wp\/v2\/product_brand?post=4131"},{"taxonomy":"product_cat","embeddable":true,"href":"https:\/\/bebehind.ee\/et\/wp-json\/wp\/v2\/product_cat?post=4131"},{"taxonomy":"product_tag","embeddable":true,"href":"https:\/\/bebehind.ee\/et\/wp-json\/wp\/v2\/product_tag?post=4131"}],"curies":[{"name":"wp","href":"https:\/\/api.w.org\/{rel}","templated":true}]}}