{"id":4126,"date":"2025-06-18T12:12:51","date_gmt":"2025-06-18T12:12:51","guid":{"rendered":"https:\/\/bebehind.ee\/?post_type=product&#038;p=4126"},"modified":"2025-06-18T13:34:54","modified_gmt":"2025-06-18T13:34:54","slug":"be-behind-helesinine-pusa","status":"publish","type":"product","link":"https:\/\/bebehind.ee\/et\/toode\/be-behind-helesinine-pusa\/","title":{"rendered":"Be Behind Helesinine Pusa"},"content":{"rendered":"<div class=\"row\">\n<div class=\"large-12 columns margin-bottom-10\">\n<p>Be Behind helesinine pusa toob sinu garderoobi kerge ja rahuliku energiaga stiilielemendi. Selle pastelselt sinine toon lisab v\u00e4limusele v\u00e4rskust ja pehmust, olles samal ajal piisavalt neutraalne, et sobituda erinevate r\u00f5ivastega. Valmistatud kvaliteetsest puuvillasegust, on pusa meeldivalt pehme, hingav ja vastupidav \u2013 ideaalne valik nii kevad-s\u00fcgiseseks kihiliseks kandmiseks kui ka jahedamateks suve\u00f5htuteks.<\/p>\n<p>Unisex l\u00f5ige tagab vaba ja mugava istuvuse, sobides erinevatele kehat\u00fc\u00fcpidele. Minimalistlik disain on t\u00e4iustatud diskreetse Be Behind logodetailiga . Seda pusat v\u00f5ib vabalt kanda nii eraldiseisvana kui ka osana komplektist koos Be Behind dressip\u00fckste v\u00f5i nokam\u00fctsiga.<\/p>\n<p>Helesinine toon sobib eriti h\u00e4sti neile, kes eelistavad puhast, kergelt silmatorkavat, ent rahulikku stiili.<\/p>\n<\/div>\n<\/div>\n","protected":false},"excerpt":{"rendered":"<p>V\u00e4rskes toonis helesinine Be Behind pusa \u2013 mugav, minimalistlik ja pilkup\u00fc\u00fcdev valik igaks p\u00e4evaks.<\/p>\n","protected":false},"featured_media":4096,"template":"","meta":{"_acf_changed":false,"_monsterinsights_skip_tracking":false,"_monsterinsights_sitenote_active":false,"_monsterinsights_sitenote_note":"","_monsterinsights_sitenote_category":0},"product_brand":[],"product_cat":[210],"product_tag":[],"class_list":{"0":"post-4126","1":"product","2":"type-product","3":"status-publish","4":"has-post-thumbnail","6":"product_cat-pusad","8":"first","9":"instock","10":"taxable","11":"shipping-taxable","12":"purchasable","13":"product-type-variable","14":"has-default-attributes"},"acf":[],"_links":{"self":[{"href":"https:\/\/bebehind.ee\/et\/wp-json\/wp\/v2\/product\/4126","targetHints":{"allow":["GET"]}}],"collection":[{"href":"https:\/\/bebehind.ee\/et\/wp-json\/wp\/v2\/product"}],"about":[{"href":"https:\/\/bebehind.ee\/et\/wp-json\/wp\/v2\/types\/product"}],"wp:featuredmedia":[{"embeddable":true,"href":"https:\/\/bebehind.ee\/et\/wp-json\/wp\/v2\/media\/4096"}],"wp:attachment":[{"href":"https:\/\/bebehind.ee\/et\/wp-json\/wp\/v2\/media?parent=4126"}],"wp:term":[{"taxonomy":"product_brand","embeddable":true,"href":"https:\/\/bebehind.ee\/et\/wp-json\/wp\/v2\/product_brand?post=4126"},{"taxonomy":"product_cat","embeddable":true,"href":"https:\/\/bebehind.ee\/et\/wp-json\/wp\/v2\/product_cat?post=4126"},{"taxonomy":"product_tag","embeddable":true,"href":"https:\/\/bebehind.ee\/et\/wp-json\/wp\/v2\/product_tag?post=4126"}],"curies":[{"name":"wp","href":"https:\/\/api.w.org\/{rel}","templated":true}]}}