{"id":4121,"date":"2025-06-18T12:09:53","date_gmt":"2025-06-18T12:09:53","guid":{"rendered":"https:\/\/bebehind.ee\/?post_type=product&#038;p=4121"},"modified":"2025-06-18T13:34:59","modified_gmt":"2025-06-18T13:34:59","slug":"be-behind-hall-pusa","status":"publish","type":"product","link":"https:\/\/bebehind.ee\/et\/toode\/be-behind-hall-pusa\/","title":{"rendered":"Be Behind Hall Pusa"},"content":{"rendered":"<div class=\"row\">\n<div class=\"large-12 columns margin-bottom-10\">\n<p><span data-contrast=\"auto\">Be Behind hall pusa on mitmek\u00fclgne garderoobiklassika, mis sobib ideaalselt igaks olukorraks \u2013 olgu see linnapealne p\u00e4ev, kodune olemine v\u00f5i aktiivne liikumine. Valmistatud kvaliteetsest ja pehmest puuvillasegust, pakub see pusa kandmismugavust, hingavust ja kestvust. Hall v\u00e4rvitoon on neutraalne ja ajatu, sobides ideaalselt kokku Be Behind dressip\u00fckstega v\u00f5i l\u00fchikeste p\u00fckstega.<\/span><span data-ccp-props=\"{&quot;134233117&quot;:false,&quot;134233118&quot;:false,&quot;335551550&quot;:0,&quot;335551620&quot;:0,&quot;335559738&quot;:240,&quot;335559739&quot;:240}\">\u00a0<\/span><\/p>\n<p><span data-contrast=\"auto\">Unisex l\u00f5ige tagab mugava ja vabalt langeva istuvuse, mis sobib k\u00f5ikidele kehat\u00fc\u00fcpidele. Minimalistlik disain on viimistletud peene Be Behind detailiga\u00a0mis annab pusale iseloomu, j\u00e4\u00e4des samas maitsekalt tagasihoidlikuks.<\/span><br \/>\n<span data-contrast=\"auto\">Sobib kandmiseks aastaringselt \u2013 kihiliselt jahedal ajal v\u00f5i eraldiseisvalt soojematel p\u00e4evadel. Ideaalne neile, kes hindavad funktsionaalset stiili ja rahulikku disaini.<\/span><span data-ccp-props=\"{&quot;134233117&quot;:false,&quot;134233118&quot;:false,&quot;335551550&quot;:0,&quot;335551620&quot;:0,&quot;335559738&quot;:240,&quot;335559739&quot;:240}\">\u00a0<\/span><\/p>\n<\/div>\n<\/div>\n","protected":false},"excerpt":{"rendered":"<p>Klassikaline hall pusa Be Behind br\u00e4ndilt \u2013 lihtne, mugav ja alati stiilne valik.<\/p>\n","protected":false},"featured_media":4094,"template":"","meta":{"_acf_changed":false,"_monsterinsights_skip_tracking":false,"_monsterinsights_sitenote_active":false,"_monsterinsights_sitenote_note":"","_monsterinsights_sitenote_category":0},"product_brand":[],"product_cat":[210],"product_tag":[],"class_list":{"0":"post-4121","1":"product","2":"type-product","3":"status-publish","4":"has-post-thumbnail","6":"product_cat-pusad","8":"first","9":"instock","10":"taxable","11":"shipping-taxable","12":"purchasable","13":"product-type-variable","14":"has-default-attributes"},"acf":[],"_links":{"self":[{"href":"https:\/\/bebehind.ee\/et\/wp-json\/wp\/v2\/product\/4121","targetHints":{"allow":["GET"]}}],"collection":[{"href":"https:\/\/bebehind.ee\/et\/wp-json\/wp\/v2\/product"}],"about":[{"href":"https:\/\/bebehind.ee\/et\/wp-json\/wp\/v2\/types\/product"}],"wp:featuredmedia":[{"embeddable":true,"href":"https:\/\/bebehind.ee\/et\/wp-json\/wp\/v2\/media\/4094"}],"wp:attachment":[{"href":"https:\/\/bebehind.ee\/et\/wp-json\/wp\/v2\/media?parent=4121"}],"wp:term":[{"taxonomy":"product_brand","embeddable":true,"href":"https:\/\/bebehind.ee\/et\/wp-json\/wp\/v2\/product_brand?post=4121"},{"taxonomy":"product_cat","embeddable":true,"href":"https:\/\/bebehind.ee\/et\/wp-json\/wp\/v2\/product_cat?post=4121"},{"taxonomy":"product_tag","embeddable":true,"href":"https:\/\/bebehind.ee\/et\/wp-json\/wp\/v2\/product_tag?post=4121"}],"curies":[{"name":"wp","href":"https:\/\/api.w.org\/{rel}","templated":true}]}}