{"id":4108,"date":"2025-06-18T12:03:28","date_gmt":"2025-06-18T12:03:28","guid":{"rendered":"https:\/\/bebehind.ee\/?post_type=product&#038;p=4108"},"modified":"2025-06-18T13:35:06","modified_gmt":"2025-06-18T13:35:06","slug":"be-behind-tumeroheline-pusa","status":"publish","type":"product","link":"https:\/\/bebehind.ee\/et\/toode\/be-behind-tumeroheline-pusa\/","title":{"rendered":"Be Behind Tumeroheline Pusa"},"content":{"rendered":"<div class=\"row\">\n<div class=\"large-12 columns margin-bottom-10\">\n<p>Be Behind tumeroheline pusa \u00fchendab ajatult minimalistliku disaini ja s\u00fcgava, loodusest inspireeritud v\u00e4rvitooni. See pusa sobib ideaalselt nii eraldiseisva r\u00f5ivaesemena kui ka osana komplektist \u2013 kanna seda Be Behind dressip\u00fckste v\u00f5i l\u00fchikeste p\u00fckstega. Valmistatud pehmest ja vastupidavast puuvillasegust, pakub see mugavust, soojust ja hingavust terve p\u00e4eva v\u00e4ltel. Klassikaline unisex l\u00f5ige sobib igale kehat\u00fc\u00fcbile, samas kui diskreetne br\u00e4ndidetail annab pusale iseloomu ilma \u00fcleliigse silmatorkavuseta.<\/p>\n<p>Tumeroheline toon lisab v\u00e4rske ja tasakaaluka meeleolu, mis sobib nii linnat\u00e4navale kui loodusesse. Ideaalne valik neile, kes hindavad kvaliteeti, neutraalset stiili ja mugavat riietust.<\/p>\n<\/div>\n<\/div>\n","protected":false},"excerpt":{"rendered":"<p>Stiilne ja mugav tumeroheline pusa Be Behind br\u00e4ndilt \u2013 tagasihoidliku karakteriga pusa igasse p\u00e4eva.<\/p>\n","protected":false},"featured_media":4086,"template":"","meta":{"_acf_changed":false,"_monsterinsights_skip_tracking":false,"_monsterinsights_sitenote_active":false,"_monsterinsights_sitenote_note":"","_monsterinsights_sitenote_category":0},"product_brand":[],"product_cat":[210],"product_tag":[],"class_list":{"0":"post-4108","1":"product","2":"type-product","3":"status-publish","4":"has-post-thumbnail","6":"product_cat-pusad","8":"first","9":"instock","10":"taxable","11":"shipping-taxable","12":"purchasable","13":"product-type-variable","14":"has-default-attributes"},"acf":[],"_links":{"self":[{"href":"https:\/\/bebehind.ee\/et\/wp-json\/wp\/v2\/product\/4108","targetHints":{"allow":["GET"]}}],"collection":[{"href":"https:\/\/bebehind.ee\/et\/wp-json\/wp\/v2\/product"}],"about":[{"href":"https:\/\/bebehind.ee\/et\/wp-json\/wp\/v2\/types\/product"}],"wp:featuredmedia":[{"embeddable":true,"href":"https:\/\/bebehind.ee\/et\/wp-json\/wp\/v2\/media\/4086"}],"wp:attachment":[{"href":"https:\/\/bebehind.ee\/et\/wp-json\/wp\/v2\/media?parent=4108"}],"wp:term":[{"taxonomy":"product_brand","embeddable":true,"href":"https:\/\/bebehind.ee\/et\/wp-json\/wp\/v2\/product_brand?post=4108"},{"taxonomy":"product_cat","embeddable":true,"href":"https:\/\/bebehind.ee\/et\/wp-json\/wp\/v2\/product_cat?post=4108"},{"taxonomy":"product_tag","embeddable":true,"href":"https:\/\/bebehind.ee\/et\/wp-json\/wp\/v2\/product_tag?post=4108"}],"curies":[{"name":"wp","href":"https:\/\/api.w.org\/{rel}","templated":true}]}}