{"id":4075,"date":"2025-06-18T11:50:16","date_gmt":"2025-06-18T11:50:16","guid":{"rendered":"https:\/\/bebehind.ee\/?post_type=product&#038;p=4075"},"modified":"2025-06-18T13:35:11","modified_gmt":"2025-06-18T13:35:11","slug":"be-behind-pusa","status":"publish","type":"product","link":"https:\/\/bebehind.ee\/et\/toode\/be-behind-pusa\/","title":{"rendered":"Be Behind Pusa"},"content":{"rendered":"<div class=\"row\">\n<div class=\"large-12 columns margin-bottom-10\">\n<p>Avasta Be Behind\u2019i pusa \u2013 t\u00e4iuslik tasakaal mugavuse ja stiili vahel. Valmistatud kvaliteetsest, pehmest puuvillasegust kangast, mis hoiab sind soojas ja tagab hingavuse kogu p\u00e4eva v\u00e4ltel. Klassikaline l\u00f5ige sobib igale kehat\u00fc\u00fcbile ning puhas toon lisab igale riietusele v\u00e4rskust ja selgust. Ideaalne nii igap\u00e4evaseks kandmiseks kui ka kihiliseks riietuseks jahedamal hooajal. Be Behind logo ja detailid annavad pusale oman\u00e4olise, kuid tagasihoidliku iseloomu.<br \/>\nUnisex l\u00f5ige, sobib k\u00f5igile, kes hindavad puhast disaini ja kvaliteeti.<\/p>\n<\/div>\n<\/div>\n","protected":false},"excerpt":{"rendered":"<p>Minimalistliku disainiga Be Behind nokam\u00fcts \u2013 ideaalne aksessuaar igap\u00e4evaseks kand<\/p>\n<p>Minimalistliku disainiga valge pusa Be Behind br\u00e4ndilt \u2013 ideaalne valik igap\u00e4evaseks kandmiseks. Mugav, stiilne ja ajatu.<\/p>\n<p>miseks ja stiilse v\u00e4ljenduse loomiseks.<\/p>\n","protected":false},"featured_media":4082,"template":"","meta":{"_acf_changed":false,"_monsterinsights_skip_tracking":false,"_monsterinsights_sitenote_active":false,"_monsterinsights_sitenote_note":"","_monsterinsights_sitenote_category":0},"product_brand":[],"product_cat":[210],"product_tag":[],"class_list":{"0":"post-4075","1":"product","2":"type-product","3":"status-publish","4":"has-post-thumbnail","6":"product_cat-pusad","8":"first","9":"instock","10":"taxable","11":"shipping-taxable","12":"purchasable","13":"product-type-variable","14":"has-default-attributes"},"acf":[],"_links":{"self":[{"href":"https:\/\/bebehind.ee\/et\/wp-json\/wp\/v2\/product\/4075","targetHints":{"allow":["GET"]}}],"collection":[{"href":"https:\/\/bebehind.ee\/et\/wp-json\/wp\/v2\/product"}],"about":[{"href":"https:\/\/bebehind.ee\/et\/wp-json\/wp\/v2\/types\/product"}],"wp:featuredmedia":[{"embeddable":true,"href":"https:\/\/bebehind.ee\/et\/wp-json\/wp\/v2\/media\/4082"}],"wp:attachment":[{"href":"https:\/\/bebehind.ee\/et\/wp-json\/wp\/v2\/media?parent=4075"}],"wp:term":[{"taxonomy":"product_brand","embeddable":true,"href":"https:\/\/bebehind.ee\/et\/wp-json\/wp\/v2\/product_brand?post=4075"},{"taxonomy":"product_cat","embeddable":true,"href":"https:\/\/bebehind.ee\/et\/wp-json\/wp\/v2\/product_cat?post=4075"},{"taxonomy":"product_tag","embeddable":true,"href":"https:\/\/bebehind.ee\/et\/wp-json\/wp\/v2\/product_tag?post=4075"}],"curies":[{"name":"wp","href":"https:\/\/api.w.org\/{rel}","templated":true}]}}